{"id":124,"date":"2019-09-30T20:36:16","date_gmt":"2019-09-30T18:36:16","guid":{"rendered":"http:\/\/canom.org\/?page_id=124"},"modified":"2021-10-18T21:15:08","modified_gmt":"2021-10-18T19:15:08","slug":"trophee-de-montauban","status":"publish","type":"page","link":"http:\/\/canom.org\/index.php\/trophee-de-montauban\/","title":{"rendered":"Troph\u00e9e de Montauban"},"content":{"rendered":"\n<p>Le 5 d\u00e9cembre 2021, le club Canom et le Codep 82 organisent une  comp\u00e9tition d&#8217;apn\u00e9e baptis\u00e9e : &#8220;Troph\u00e9e de Montauban&#8221;. Cette comp\u00e9tition s\u00e9lective comportera 3 \u00e9preuves :<\/p>\n\n\n\n<ul class=\"wp-block-list\"><li>apn\u00e9e statique <\/li><li>apn\u00e9e dynamique avec et sans palmes<\/li><li>16 * 25<\/li><\/ul>\n\n\n\n<p>Merci de compl\u00e9ter\u00a0la fiche d&#8217;inscription <strong>(date limite 21 novembre 2021)<\/strong>,  merci \u00e9galement de vous pr\u00e9-inscrire en envoyant un mail \u00e0  canom.infos@gmail.com<\/p>\n\n\n\n<p><a rel=\"noreferrer noopener\" href=\"\/Mes%20Sites%20Web\/canom\/www.canom.org\/medias\/files\/fiche-inscription.docx\" target=\"_blank\">Fiche <\/a><a href=\"https:\/\/docs.google.com\/document\/d\/1w5mwj3w-of6f_6cp82DSzIoAYrS_X870\/edit?usp=sharing&amp;ouid=115487571932466395694&amp;rtpof=true&amp;sd=true\" data-type=\"URL\" data-id=\"https:\/\/docs.google.com\/document\/d\/1w5mwj3w-of6f_6cp82DSzIoAYrS_X870\/edit?usp=sharing&amp;ouid=115487571932466395694&amp;rtpof=true&amp;sd=true\" target=\"_blank\" rel=\"noreferrer noopener\">inscription <\/a>(A t\u00e9l\u00e9charger)<\/p>\n\n\n\n<h2 class=\"wp-block-heading\">\n                        Infos Pratiques                    <\/h2>\n\n\n\n<p>La comp\u00e9tition, se d\u00e9roulera \u00e0 la piscine <strong>INGREO de MONTAUBAN<\/strong>. Un grand parking est \u00e0 disposition devant la piscine, si la barri\u00e8re est ferm\u00e9e prendre un ticket.<\/p>\n\n\n\n<p><strong>Les inscriptions&nbsp;ne seront valid\u00e9es qu\u2019\u00e0 r\u00e9ception des documents&nbsp;demand\u00e9s, par courrier postal.<\/strong><\/p>\n\n\n\n<p class=\"has-text-align-right\"><strong>&nbsp;&nbsp;&nbsp;&nbsp;&nbsp;&nbsp;&nbsp;&nbsp;&nbsp;&nbsp;&nbsp;&nbsp;&nbsp;&nbsp;&nbsp;&nbsp;&nbsp;&nbsp;&nbsp;&nbsp;&nbsp;&nbsp;&nbsp;&nbsp;&nbsp;&nbsp;&nbsp;&nbsp;&nbsp;&nbsp;&nbsp;&nbsp;&nbsp;&nbsp;&nbsp;&nbsp;&nbsp;&nbsp;&nbsp;&nbsp;&nbsp;&nbsp;&nbsp;&nbsp;&nbsp;&nbsp;&nbsp;&nbsp;&nbsp;&nbsp;&nbsp;&nbsp;&nbsp;&nbsp;&nbsp;&nbsp;&nbsp;&nbsp;&nbsp;&nbsp;&nbsp;&nbsp;&nbsp;&nbsp;&nbsp;&nbsp;&nbsp;&nbsp; Le Comit\u00e9 d\u2019Organisation <\/strong><\/p>\n\n\n\n<h2 class=\"wp-block-heading\">PLANNING PREVISIONNEL COMPETITION DU 5 DECEMBRE 2021<\/h2>\n\n\n\n<ul class=\"wp-block-list\"><li>Etabli pour un nombre maximum d\u2019athl\u00e8tes <\/li><li>Susceptible d\u2019\u00e9voluer en fonction du nombre d\u2019inscrits ou autres al\u00e9as  <\/li><li>ATTENTION AUX ANNONCES, PAS DE PAUSE ENTRE LES EPREUVES ET L\u2019ECHAUFFEMENT DES \u00a0\u00a0SUIVANTES (pour l\u2019instant)<\/li><\/ul>\n\n\n\n<p>8H00-8H30&nbsp;:&nbsp;&nbsp;&nbsp;&nbsp;&nbsp;\nAccueil comp\u00e9titeurs v\u00e9rification documents <\/p>\n\n\n\n<p>8h30-9h00&nbsp;:&nbsp;&nbsp;&nbsp;&nbsp;&nbsp;\nInstallation briefing juges -comp\u00e9titeurs -AS<\/p>\n\n\n\n<h4 class=\"wp-block-heading\">STATIQUE&nbsp;:\n25 COMPETITEURS MAX<\/h4>\n\n\n\n<p>9h00-9h30&nbsp;:&nbsp;&nbsp;&nbsp;&nbsp;&nbsp;\nEchauffement statique <\/p>\n\n\n\n<p>9h30-10h45&nbsp;:&nbsp;&nbsp;\nstatique (5 s\u00e9ries de 5)<\/p>\n\n\n\n<h4 class=\"wp-block-heading\">DYN\nMONO-BIPALMES&nbsp;: 40 COMPETITEURS MAX <\/h4>\n\n\n\n<p>10h45-11h30&nbsp;: Echauffement dyn <\/p>\n\n\n\n<p>11h30-13h30&nbsp;: Dyn mono et bi <\/p>\n\n\n\n<h4 class=\"wp-block-heading\">DNF&nbsp;:\n30 COMPETITEURS MAX<\/h4>\n\n\n\n<p>13H30-14h00&nbsp;: Echauffement DNF<\/p>\n\n\n\n<p>14h00-15h30&nbsp;: DNF<\/p>\n\n\n\n<h4 class=\"wp-block-heading\">16\nX 25&nbsp;&nbsp; 12 COMPETITEURS MAX (meilleures\nannonces retenues &lt; 10\u2019)<\/h4>\n\n\n\n<p>15h45-16h00&nbsp;: Echauffement&nbsp; <\/p>\n\n\n\n<p>16h00-16h45&nbsp;: 16X 25 <\/p>\n\n\n\n<h4 class=\"wp-block-heading\">PODIUMS<\/h4>\n\n\n\n<p>17h00-18h00&nbsp;:<\/p>\n\n\n\n<p><strong>18h00&nbsp;: FIN DE LA COMPETITION <\/strong><\/p>\n\n\n\n<h2 class=\"wp-block-heading\">\n                        Liste des inscrits                    <\/h2>\n\n\n\n<figure class=\"wp-block-table\"><table><tbody><tr><td>&nbsp;<\/td><td>Nom<\/td><td>Pr\u00e9nom<\/td><td>\u00c9preuve<\/td><td>Inscription Valid\u00e9e<\/td><\/tr><tr><td><\/td><td><\/td><td><\/td><td> <\/td><td><\/td><\/tr><tr><td><\/td><td><\/td><td><\/td><td><\/td><td><\/td><\/tr><tr><td><\/td><td><\/td><td><\/td><td><\/td><td><\/td><\/tr><tr><td><\/td><td><\/td><td><\/td><td><\/td><td><\/td><\/tr><tr><td><\/td><td><\/td><td><\/td><td><\/td><td><\/td><\/tr><tr><td><\/td><td><\/td><td><\/td><td><\/td><td><\/td><\/tr><\/tbody><\/table><\/figure>\n\n\n\n<h2 class=\"wp-block-heading\">\n                        Juges                    <\/h2>\n\n\n\n<figure class=\"wp-block-table\"><table><tbody><tr><td>&nbsp;<\/td><td>Nom<\/td><td>Pr\u00e9nom<\/td><\/tr><tr><td>\n\t\t\t1\n\t\t\t<\/td><td> TORBIERO<\/td><td>Franck<\/td><\/tr><tr><td>\n\t\t\t2\n\t\t\t<\/td><td>\n\t\t\tSANCHEZ\n\t\t\t<\/td><td>Lawrence <\/td><\/tr><tr><td>\n\t\t\t3\n\t\t\t<\/td><td><\/td><td><\/td><\/tr><tr><td>\n\t\t\t4\n\t\t\t<\/td><td><\/td><td><\/td><\/tr><tr><td>\n\t\t\t5\n\t\t\t<\/td><td> <\/td><td><\/td><\/tr><tr><td>\n\t\t\t6\n\t\t\t<\/td><td>  <\/td><td><\/td><\/tr><tr><td>\n\t\t\t7\n\t\t\t<\/td><td> <\/td><td><\/td><\/tr><tr><td>\n\t\t\t8\n\t\t\t<\/td><td> <\/td><td> <\/td><\/tr><tr><td>\n\t\t\t9\n\t\t\t<\/td><td> <\/td><td><\/td><\/tr><tr><td>\n\t\t\t10\n\t\t\t<\/td><td>  <\/td><td><\/td><\/tr><tr><td>\n\t\t\t11\n\t\t\t<\/td><td> <\/td><td><\/td><\/tr><tr><td>\n\t\t\t12\n\t\t\t<\/td><td> <\/td><td> <\/td><\/tr><tr><td>\n\t\t\t13\n\t\t\t<\/td><td> <\/td><td><\/td><\/tr><\/tbody><\/table><\/figure>\n","protected":false},"excerpt":{"rendered":"<p>Le 5 d\u00e9cembre 2021, le club Canom et le Codep 82 organisent une comp\u00e9tition d&#8217;apn\u00e9e baptis\u00e9e : &#8220;Troph\u00e9e de Montauban&#8221;. Cette comp\u00e9tition s\u00e9lective comportera 3 \u00e9preuves : apn\u00e9e statique apn\u00e9e dynamique avec et sans palmes 16 * 25 Merci de compl\u00e9ter\u00a0la fiche d&#8217;inscription (date limite 21 novembre 2021), merci \u00e9galement de vous pr\u00e9-inscrire en envoyant&hellip; <br \/> <a class=\"read-more\" href=\"http:\/\/canom.org\/index.php\/trophee-de-montauban\/\">Read more<\/a><\/p>\n","protected":false},"author":1,"featured_media":0,"parent":0,"menu_order":0,"comment_status":"closed","ping_status":"closed","template":"","meta":{"footnotes":""},"class_list":["post-124","page","type-page","status-publish","hentry"],"_links":{"self":[{"href":"http:\/\/canom.org\/index.php\/wp-json\/wp\/v2\/pages\/124","targetHints":{"allow":["GET"]}}],"collection":[{"href":"http:\/\/canom.org\/index.php\/wp-json\/wp\/v2\/pages"}],"about":[{"href":"http:\/\/canom.org\/index.php\/wp-json\/wp\/v2\/types\/page"}],"author":[{"embeddable":true,"href":"http:\/\/canom.org\/index.php\/wp-json\/wp\/v2\/users\/1"}],"replies":[{"embeddable":true,"href":"http:\/\/canom.org\/index.php\/wp-json\/wp\/v2\/comments?post=124"}],"version-history":[{"count":19,"href":"http:\/\/canom.org\/index.php\/wp-json\/wp\/v2\/pages\/124\/revisions"}],"predecessor-version":[{"id":239,"href":"http:\/\/canom.org\/index.php\/wp-json\/wp\/v2\/pages\/124\/revisions\/239"}],"wp:attachment":[{"href":"http:\/\/canom.org\/index.php\/wp-json\/wp\/v2\/media?parent=124"}],"curies":[{"name":"wp","href":"https:\/\/api.w.org\/{rel}","templated":true}]}}